{"id":162,"date":"2020-08-19T06:19:39","date_gmt":"2020-08-19T06:19:39","guid":{"rendered":"http:\/\/beta.respekts.lv\/?page_id=162"},"modified":"2021-12-21T21:30:29","modified_gmt":"2021-12-21T21:30:29","slug":"projects","status":"publish","type":"page","link":"http:\/\/beta.respekts.lv\/?page_id=162","title":{"rendered":"Projects"},"content":{"rendered":"\t\t<div data-elementor-type=\"wp-page\" data-elementor-id=\"162\" class=\"elementor elementor-162\" data-elementor-settings=\"[]\">\n\t\t\t\t\t\t\t<div class=\"elementor-section-wrap\">\n\t\t\t\t\t\t\t<section class=\"elementor-section elementor-top-section elementor-element elementor-element-dc20e86 elementor-section-boxed elementor-section-height-default elementor-section-height-default\" data-id=\"dc20e86\" data-element_type=\"section\" data-settings=\"{&quot;background_background&quot;:&quot;classic&quot;}\">\n\t\t\t\t\t\t\t<div class=\"elementor-background-overlay\"><\/div>\n\t\t\t\t\t\t\t<div class=\"elementor-container elementor-column-gap-no\">\n\t\t\t\t\t<div class=\"elementor-column elementor-col-100 elementor-top-column elementor-element elementor-element-6c4b465\" data-id=\"6c4b465\" data-element_type=\"column\">\n\t\t\t<div class=\"elementor-widget-wrap elementor-element-populated\">\n\t\t\t\t\t\t\t\t<div class=\"elementor-element elementor-element-74cd338 elementor-widget elementor-widget-heading\" data-id=\"74cd338\" data-element_type=\"widget\" data-widget_type=\"heading.default\">\n\t\t\t\t<div class=\"elementor-widget-container\">\n\t\t\t<h1 class=\"elementor-heading-title elementor-size-default\">STATISTIKA UN VAKANCES<\/h1>\t\t<\/div>\n\t\t\t\t<\/div>\n\t\t\t\t\t<\/div>\n\t\t<\/div>\n\t\t\t\t\t\t\t<\/div>\n\t\t<\/section>\n\t\t\t\t<section class=\"elementor-section elementor-top-section elementor-element elementor-element-0d3d58a elementor-section-boxed elementor-section-height-default elementor-section-height-default\" data-id=\"0d3d58a\" data-element_type=\"section\">\n\t\t\t\t\t\t<div class=\"elementor-container elementor-column-gap-default\">\n\t\t\t\t\t<div class=\"elementor-column elementor-col-100 elementor-top-column elementor-element elementor-element-d9b5bcf\" data-id=\"d9b5bcf\" data-element_type=\"column\">\n\t\t\t<div class=\"elementor-widget-wrap elementor-element-populated\">\n\t\t\t\t\t\t\t\t<div class=\"elementor-element elementor-element-d2cf9e0 elementor-widget elementor-widget-spacer\" data-id=\"d2cf9e0\" data-element_type=\"widget\" data-widget_type=\"spacer.default\">\n\t\t\t\t<div class=\"elementor-widget-container\">\n\t\t\t\t\t<div class=\"elementor-spacer\">\n\t\t\t<div class=\"elementor-spacer-inner\"><\/div>\n\t\t<\/div>\n\t\t\t\t<\/div>\n\t\t\t\t<\/div>\n\t\t\t\t\t<\/div>\n\t\t<\/div>\n\t\t\t\t\t\t\t<\/div>\n\t\t<\/section>\n\t\t\t\t<section class=\"elementor-section elementor-top-section elementor-element elementor-element-680192c elementor-section-boxed elementor-section-height-default elementor-section-height-default\" data-id=\"680192c\" data-element_type=\"section\" data-settings=\"{&quot;background_background&quot;:&quot;classic&quot;}\">\n\t\t\t\t\t\t\t<div class=\"elementor-background-overlay\"><\/div>\n\t\t\t\t\t\t\t<div class=\"elementor-container elementor-column-gap-no\">\n\t\t\t\t\t<div class=\"elementor-column elementor-col-50 elementor-top-column elementor-element elementor-element-b1a3960\" data-id=\"b1a3960\" data-element_type=\"column\">\n\t\t\t<div class=\"elementor-widget-wrap elementor-element-populated\">\n\t\t\t\t\t\t\t\t<section class=\"elementor-section elementor-inner-section elementor-element elementor-element-8b9c6ca elementor-section-boxed elementor-section-height-default elementor-section-height-default\" data-id=\"8b9c6ca\" data-element_type=\"section\">\n\t\t\t\t\t\t<div class=\"elementor-container elementor-column-gap-no\">\n\t\t\t\t\t<div class=\"elementor-column elementor-col-100 elementor-inner-column elementor-element elementor-element-0c78f86\" data-id=\"0c78f86\" data-element_type=\"column\">\n\t\t\t<div class=\"elementor-widget-wrap elementor-element-populated\">\n\t\t\t\t\t\t\t\t<div class=\"elementor-element elementor-element-1f33dd3 elementor-widget elementor-widget-heading\" data-id=\"1f33dd3\" data-element_type=\"widget\" data-widget_type=\"heading.default\">\n\t\t\t\t<div class=\"elementor-widget-container\">\n\t\t\t<h5 class=\"elementor-heading-title elementor-size-default\">SIA \u201cRespekts\u201d Mobilo Nor\u012bkojumi Darba Rezult\u0101ti Laika Posm\u0101 \n01.01.17.-31.12.17.<\/h5>\t\t<\/div>\n\t\t\t\t<\/div>\n\t\t\t\t\t<\/div>\n\t\t<\/div>\n\t\t\t\t\t\t\t<\/div>\n\t\t<\/section>\n\t\t\t\t<div class=\"elementor-element elementor-element-af3b7d7 elementor-widget elementor-widget-image\" data-id=\"af3b7d7\" data-element_type=\"widget\" data-widget_type=\"image.default\">\n\t\t\t\t<div class=\"elementor-widget-container\">\n\t\t\t\t\t\t\t\t\t\t\t\t\t\t\t<img decoding=\"async\" width=\"452\" height=\"286\" src=\"http:\/\/beta.respekts.lv\/wp-content\/uploads\/2021\/12\/Screenshot_5-1.png\" class=\"attachment-large size-large\" alt=\"\" loading=\"lazy\" srcset=\"http:\/\/beta.respekts.lv\/wp-content\/uploads\/2021\/12\/Screenshot_5-1.png 452w, http:\/\/beta.respekts.lv\/wp-content\/uploads\/2021\/12\/Screenshot_5-1-300x190.png 300w\" sizes=\"(max-width: 452px) 100vw, 452px\" \/>\t\t\t\t\t\t\t\t\t\t\t\t\t\t\t<\/div>\n\t\t\t\t<\/div>\n\t\t\t\t\t<\/div>\n\t\t<\/div>\n\t\t\t\t<div class=\"elementor-column elementor-col-50 elementor-top-column elementor-element elementor-element-4caa55f\" data-id=\"4caa55f\" data-element_type=\"column\">\n\t\t\t<div class=\"elementor-widget-wrap elementor-element-populated\">\n\t\t\t\t\t\t\t\t<div class=\"elementor-element elementor-element-597d797 elementor-widget elementor-widget-text-editor\" data-id=\"597d797\" data-element_type=\"widget\" data-widget_type=\"text-editor.default\">\n\t\t\t\t<div class=\"elementor-widget-container\">\n\t\t\t\t\t\t\t<ul><li>Par z\u0101dz\u012bbas m\u0113\u0123in\u0101jumu, uz aizdoma pamata aiztur\u0113tas un nodotas policijai 35 personas.<\/li><li>Par hulig\u0101nismu un nepiedien\u012bgu uzved\u012bbu aiztur\u0113tas un nodotas policijai 81 personas.<\/li><li>Konflikti atrisin\u0101ti uz vietas neiesaistot policijas de\u017e\u016brnor\u012bkojumus \u2013 267 gad\u012bjumi.<\/li><li>Nov\u0113rsta nelikum\u012bga iek\u013c\u016b\u0161ana apsarg\u0101jamos objektos 21 gad\u012bjumos.<\/li><li>Nov\u0113rstas 2 tehniskas av\u0101rijas.<\/li><li>Konstat\u0113ts, uzs\u0101kts dz\u0113st un izsaukts VUGD 2 ugunsgr\u0113ka gad\u012bjumi.<\/li><\/ul>\t\t\t\t\t\t<\/div>\n\t\t\t\t<\/div>\n\t\t\t\t<div class=\"elementor-element elementor-element-482cd8b elementor-widget elementor-widget-spacer\" data-id=\"482cd8b\" data-element_type=\"widget\" data-widget_type=\"spacer.default\">\n\t\t\t\t<div class=\"elementor-widget-container\">\n\t\t\t\t\t<div class=\"elementor-spacer\">\n\t\t\t<div class=\"elementor-spacer-inner\"><\/div>\n\t\t<\/div>\n\t\t\t\t<\/div>\n\t\t\t\t<\/div>\n\t\t\t\t\t<\/div>\n\t\t<\/div>\n\t\t\t\t\t\t\t<\/div>\n\t\t<\/section>\n\t\t\t\t<section class=\"elementor-section elementor-top-section elementor-element elementor-element-9f68ac1 elementor-section-boxed elementor-section-height-default elementor-section-height-default\" data-id=\"9f68ac1\" data-element_type=\"section\">\n\t\t\t\t\t\t<div class=\"elementor-container elementor-column-gap-default\">\n\t\t\t\t\t<div class=\"elementor-column elementor-col-100 elementor-top-column elementor-element elementor-element-7120875\" data-id=\"7120875\" data-element_type=\"column\">\n\t\t\t<div class=\"elementor-widget-wrap elementor-element-populated\">\n\t\t\t\t\t\t\t\t<div class=\"elementor-element elementor-element-8864acc elementor-widget elementor-widget-spacer\" data-id=\"8864acc\" data-element_type=\"widget\" data-widget_type=\"spacer.default\">\n\t\t\t\t<div class=\"elementor-widget-container\">\n\t\t\t\t\t<div class=\"elementor-spacer\">\n\t\t\t<div class=\"elementor-spacer-inner\"><\/div>\n\t\t<\/div>\n\t\t\t\t<\/div>\n\t\t\t\t<\/div>\n\t\t\t\t\t<\/div>\n\t\t<\/div>\n\t\t\t\t\t\t\t<\/div>\n\t\t<\/section>\n\t\t\t\t<section class=\"elementor-section elementor-top-section elementor-element elementor-element-854834a elementor-section-boxed elementor-section-height-default elementor-section-height-default\" data-id=\"854834a\" data-element_type=\"section\" data-settings=\"{&quot;background_background&quot;:&quot;classic&quot;}\">\n\t\t\t\t\t\t\t<div class=\"elementor-background-overlay\"><\/div>\n\t\t\t\t\t\t\t<div class=\"elementor-container elementor-column-gap-no\">\n\t\t\t\t\t<div class=\"elementor-column elementor-col-50 elementor-top-column elementor-element elementor-element-2359136\" data-id=\"2359136\" data-element_type=\"column\">\n\t\t\t<div class=\"elementor-widget-wrap elementor-element-populated\">\n\t\t\t\t\t\t\t\t<section class=\"elementor-section elementor-inner-section elementor-element elementor-element-632cad8 elementor-section-boxed elementor-section-height-default elementor-section-height-default\" data-id=\"632cad8\" data-element_type=\"section\">\n\t\t\t\t\t\t<div class=\"elementor-container elementor-column-gap-no\">\n\t\t\t\t\t<div class=\"elementor-column elementor-col-100 elementor-inner-column elementor-element elementor-element-36ce00e\" data-id=\"36ce00e\" data-element_type=\"column\">\n\t\t\t<div class=\"elementor-widget-wrap elementor-element-populated\">\n\t\t\t\t\t\t\t\t<div class=\"elementor-element elementor-element-5b99e61 elementor-widget elementor-widget-heading\" data-id=\"5b99e61\" data-element_type=\"widget\" data-widget_type=\"heading.default\">\n\t\t\t\t<div class=\"elementor-widget-container\">\n\t\t\t<h5 class=\"elementor-heading-title elementor-size-default\">SIA \u201cRespekts\u201d Mobilo Nor\u012bkojumi Darba Rezult\u0101ti Laika Posm\u0101 \n01.01.18.-31.12.18.<\/h5>\t\t<\/div>\n\t\t\t\t<\/div>\n\t\t\t\t\t<\/div>\n\t\t<\/div>\n\t\t\t\t\t\t\t<\/div>\n\t\t<\/section>\n\t\t\t\t<div class=\"elementor-element elementor-element-6b75800 elementor-widget elementor-widget-image\" data-id=\"6b75800\" data-element_type=\"widget\" data-widget_type=\"image.default\">\n\t\t\t\t<div class=\"elementor-widget-container\">\n\t\t\t\t\t\t\t\t\t\t\t\t\t\t\t<img decoding=\"async\" width=\"441\" height=\"276\" src=\"http:\/\/beta.respekts.lv\/wp-content\/uploads\/2021\/12\/Screenshot_6-1.png\" class=\"attachment-large size-large\" alt=\"\" loading=\"lazy\" srcset=\"http:\/\/beta.respekts.lv\/wp-content\/uploads\/2021\/12\/Screenshot_6-1.png 441w, http:\/\/beta.respekts.lv\/wp-content\/uploads\/2021\/12\/Screenshot_6-1-300x188.png 300w\" sizes=\"(max-width: 441px) 100vw, 441px\" \/>\t\t\t\t\t\t\t\t\t\t\t\t\t\t\t<\/div>\n\t\t\t\t<\/div>\n\t\t\t\t\t<\/div>\n\t\t<\/div>\n\t\t\t\t<div class=\"elementor-column elementor-col-50 elementor-top-column elementor-element elementor-element-67e720a\" data-id=\"67e720a\" data-element_type=\"column\">\n\t\t\t<div class=\"elementor-widget-wrap elementor-element-populated\">\n\t\t\t\t\t\t\t\t<div class=\"elementor-element elementor-element-695cf0c elementor-widget elementor-widget-text-editor\" data-id=\"695cf0c\" data-element_type=\"widget\" data-widget_type=\"text-editor.default\">\n\t\t\t\t<div class=\"elementor-widget-container\">\n\t\t\t\t\t\t\t<ul><li><ul><li>Par z\u0101dz\u012bbas m\u0113\u0123in\u0101jumu, uz aizdoma pamata aiztur\u0113tas<\/li><\/ul><p>un nodotas policijai 48 personas.<\/p><ul><li>Par hulig\u0101nismu un nepiedien\u012bgu uzved\u012bbu aiztur\u0113tas un<\/li><\/ul><p>nodotas policijai 58 personas.<\/p><ul><li>Konflikti atrisin\u0101ti uz vietas neiesaistot policijas<\/li><\/ul><p>de\u017e\u016brnor\u012bkojumus \u2013 169 gad\u012bjumi.<\/p><ul><li>Par draud\u0113\u0161anas m\u0113\u0123in\u0101jumu ar pistoli, aiztur\u0113ta un<\/li><\/ul><p>nodota policijai 1 personas.<\/p><ul><li>Nov\u0113rstas 2 tehniskas av\u0101rijas.<\/li><li>Konstat\u0113ts, uzs\u0101kts dz\u0113st un izsaukts VUGD 2<\/li><\/ul><p>ugunsgr\u0113ka gad\u012bjumi.<\/p><\/li><\/ul>\t\t\t\t\t\t<\/div>\n\t\t\t\t<\/div>\n\t\t\t\t\t<\/div>\n\t\t<\/div>\n\t\t\t\t\t\t\t<\/div>\n\t\t<\/section>\n\t\t\t\t<section class=\"elementor-section elementor-top-section elementor-element elementor-element-d4d96d0 elementor-section-boxed elementor-section-height-default elementor-section-height-default\" data-id=\"d4d96d0\" data-element_type=\"section\">\n\t\t\t\t\t\t<div class=\"elementor-container elementor-column-gap-default\">\n\t\t\t\t\t<div class=\"elementor-column elementor-col-100 elementor-top-column elementor-element elementor-element-a70da15\" data-id=\"a70da15\" data-element_type=\"column\">\n\t\t\t<div class=\"elementor-widget-wrap elementor-element-populated\">\n\t\t\t\t\t\t\t\t<div class=\"elementor-element elementor-element-e442052 elementor-widget elementor-widget-spacer\" data-id=\"e442052\" data-element_type=\"widget\" data-widget_type=\"spacer.default\">\n\t\t\t\t<div class=\"elementor-widget-container\">\n\t\t\t\t\t<div class=\"elementor-spacer\">\n\t\t\t<div class=\"elementor-spacer-inner\"><\/div>\n\t\t<\/div>\n\t\t\t\t<\/div>\n\t\t\t\t<\/div>\n\t\t\t\t\t<\/div>\n\t\t<\/div>\n\t\t\t\t\t\t\t<\/div>\n\t\t<\/section>\n\t\t\t\t<section class=\"elementor-section elementor-top-section elementor-element elementor-element-bc72648 elementor-section-boxed elementor-section-height-default elementor-section-height-default\" data-id=\"bc72648\" data-element_type=\"section\" data-settings=\"{&quot;background_background&quot;:&quot;classic&quot;}\">\n\t\t\t\t\t\t\t<div class=\"elementor-background-overlay\"><\/div>\n\t\t\t\t\t\t\t<div class=\"elementor-container elementor-column-gap-no\">\n\t\t\t\t\t<div class=\"elementor-column elementor-col-50 elementor-top-column elementor-element elementor-element-67ba53e\" data-id=\"67ba53e\" data-element_type=\"column\">\n\t\t\t<div class=\"elementor-widget-wrap elementor-element-populated\">\n\t\t\t\t\t\t\t\t<section class=\"elementor-section elementor-inner-section elementor-element elementor-element-1eee378 elementor-section-boxed elementor-section-height-default elementor-section-height-default\" data-id=\"1eee378\" data-element_type=\"section\">\n\t\t\t\t\t\t<div class=\"elementor-container elementor-column-gap-no\">\n\t\t\t\t\t<div class=\"elementor-column elementor-col-100 elementor-inner-column elementor-element elementor-element-eccfe72\" data-id=\"eccfe72\" data-element_type=\"column\">\n\t\t\t<div class=\"elementor-widget-wrap elementor-element-populated\">\n\t\t\t\t\t\t\t\t<div class=\"elementor-element elementor-element-6998253 elementor-widget elementor-widget-heading\" data-id=\"6998253\" data-element_type=\"widget\" data-widget_type=\"heading.default\">\n\t\t\t\t<div class=\"elementor-widget-container\">\n\t\t\t<h5 class=\"elementor-heading-title elementor-size-default\">SIA \u201cRespekts\u201d Mobilo Nor\u012bkojumi Darba Rezult\u0101ti Laika Posm\u0101 \n01.01.19.-31.12.19.<\/h5>\t\t<\/div>\n\t\t\t\t<\/div>\n\t\t\t\t\t<\/div>\n\t\t<\/div>\n\t\t\t\t\t\t\t<\/div>\n\t\t<\/section>\n\t\t\t\t<div class=\"elementor-element elementor-element-95009c2 elementor-widget elementor-widget-image\" data-id=\"95009c2\" data-element_type=\"widget\" data-widget_type=\"image.default\">\n\t\t\t\t<div class=\"elementor-widget-container\">\n\t\t\t\t\t\t\t\t\t\t\t\t\t\t\t<img decoding=\"async\" width=\"466\" height=\"276\" src=\"http:\/\/beta.respekts.lv\/wp-content\/uploads\/2021\/12\/Screenshot_7-1.png\" class=\"attachment-large size-large\" alt=\"\" loading=\"lazy\" srcset=\"http:\/\/beta.respekts.lv\/wp-content\/uploads\/2021\/12\/Screenshot_7-1.png 466w, http:\/\/beta.respekts.lv\/wp-content\/uploads\/2021\/12\/Screenshot_7-1-300x178.png 300w\" sizes=\"(max-width: 466px) 100vw, 466px\" \/>\t\t\t\t\t\t\t\t\t\t\t\t\t\t\t<\/div>\n\t\t\t\t<\/div>\n\t\t\t\t\t<\/div>\n\t\t<\/div>\n\t\t\t\t<div class=\"elementor-column elementor-col-50 elementor-top-column elementor-element elementor-element-466b9b7\" data-id=\"466b9b7\" data-element_type=\"column\">\n\t\t\t<div class=\"elementor-widget-wrap elementor-element-populated\">\n\t\t\t\t\t\t\t\t<div class=\"elementor-element elementor-element-730e614 elementor-widget elementor-widget-text-editor\" data-id=\"730e614\" data-element_type=\"widget\" data-widget_type=\"text-editor.default\">\n\t\t\t\t<div class=\"elementor-widget-container\">\n\t\t\t\t\t\t\t<ul><li><ul><li>Par z\u0101dz\u012bbas m\u0113\u0123in\u0101jumu, uz aizdoma pamata aiztur\u0113tas<\/li><\/ul><p>un nodotas policijai 47 personas.<\/p><ul><li>Par hulig\u0101nismu un nepiedien\u012bgu uzved\u012bbu aiztur\u0113tas<\/li><\/ul><p>un nodotas policijai 60 personas.<\/p><ul><li>Konflikti atrisin\u0101ti uz vietas neiesaistot policijas<\/li><\/ul><p>de\u017e\u016brnor\u012bkojumus \u2013 253 gad\u012bjumi.<\/p><ul><li>Nov\u0113rsta nelikum\u012bga iek\u013c\u016b\u0161ana apsarg\u0101jamos<\/li><\/ul><p>objektos 9 gad\u012bjumos.<\/p><ul><li>Nov\u0113rstas 3 tehniskas av\u0101rijas.<\/li><li>Konstat\u0113ts, uzs\u0101kts dz\u0113st un izsaukts VUGD<\/li><\/ul><p>2 ugunsgr\u0113ka gad\u012bjumi.<\/p><\/li><\/ul>\t\t\t\t\t\t<\/div>\n\t\t\t\t<\/div>\n\t\t\t\t\t<\/div>\n\t\t<\/div>\n\t\t\t\t\t\t\t<\/div>\n\t\t<\/section>\n\t\t\t\t<section class=\"elementor-section elementor-top-section elementor-element elementor-element-9df0994 elementor-section-boxed elementor-section-height-default elementor-section-height-default\" data-id=\"9df0994\" data-element_type=\"section\">\n\t\t\t\t\t\t<div class=\"elementor-container elementor-column-gap-default\">\n\t\t\t\t\t<div class=\"elementor-column elementor-col-100 elementor-top-column elementor-element elementor-element-1716888\" data-id=\"1716888\" data-element_type=\"column\">\n\t\t\t<div class=\"elementor-widget-wrap elementor-element-populated\">\n\t\t\t\t\t\t\t\t<div class=\"elementor-element elementor-element-02b9b4f elementor-widget elementor-widget-heading\" data-id=\"02b9b4f\" data-element_type=\"widget\" data-widget_type=\"heading.default\">\n\t\t\t\t<div class=\"elementor-widget-container\">\n\t\t\t<h3 class=\"elementor-heading-title elementor-size-default\">JA INTERES\u0112 KARJERAS IESP\u0112JAS M\u016aSU UZ\u0145\u0112MUM\u0100, L\u016aGUMS ZVAN\u012aT UZ 64281177<\/h3>\t\t<\/div>\n\t\t\t\t<\/div>\n\t\t\t\t\t<\/div>\n\t\t<\/div>\n\t\t\t\t\t\t\t<\/div>\n\t\t<\/section>\n\t\t\t\t<section class=\"elementor-section elementor-top-section elementor-element elementor-element-4c68661 elementor-section-boxed elementor-section-height-default elementor-section-height-default\" data-id=\"4c68661\" data-element_type=\"section\" data-settings=\"{&quot;background_background&quot;:&quot;gradient&quot;}\">\n\t\t\t\t\t\t\t<div class=\"elementor-background-overlay\"><\/div>\n\t\t\t\t\t\t\t<div class=\"elementor-container elementor-column-gap-no\">\n\t\t\t\t\t<div class=\"elementor-column elementor-col-100 elementor-top-column elementor-element elementor-element-f042be1\" data-id=\"f042be1\" data-element_type=\"column\">\n\t\t\t<div class=\"elementor-widget-wrap elementor-element-populated\">\n\t\t\t\t\t\t\t\t<div class=\"elementor-element elementor-element-f184309 elementor-widget elementor-widget-heading\" data-id=\"f184309\" data-element_type=\"widget\" data-widget_type=\"heading.default\">\n\t\t\t\t<div class=\"elementor-widget-container\">\n\t\t\t<h2 class=\"elementor-heading-title elementor-size-default\">PIETEIKTIES APSARDZEI<\/h2>\t\t<\/div>\n\t\t\t\t<\/div>\n\t\t\t\t<div class=\"elementor-element elementor-element-a968db5 elementor-widget elementor-widget-text-editor\" data-id=\"a968db5\" data-element_type=\"widget\" data-widget_type=\"text-editor.default\">\n\t\t\t\t<div class=\"elementor-widget-container\">\n\t\t\t\t\t\t\t<p>Zvani uz nor\u0101d\u012bto t\u0101lruni un piesaki apsardzes pakalpojumus<\/p>\t\t\t\t\t\t<\/div>\n\t\t\t\t<\/div>\n\t\t\t\t<div class=\"elementor-element elementor-element-3e199ac elementor-widget__width-auto elementor-mobile-align-justify elementor-widget-mobile__width-inherit elementor-align-left elementor-widget elementor-widget-button\" data-id=\"3e199ac\" data-element_type=\"widget\" data-widget_type=\"button.default\">\n\t\t\t\t<div class=\"elementor-widget-container\">\n\t\t\t\t\t<div class=\"elementor-button-wrapper\">\n\t\t\t<a href=\"#\" class=\"elementor-button-link elementor-button elementor-size-sm\" role=\"button\">\n\t\t\t\t\t\t<span class=\"elementor-button-content-wrapper\">\n\t\t\t\t\t\t<span class=\"elementor-button-icon elementor-align-icon-left\">\n\t\t\t\t<i aria-hidden=\"true\" class=\"fas fa-phone\"><\/i>\t\t\t<\/span>\n\t\t\t\t\t\t<span class=\"elementor-button-text\">64281177<\/span>\n\t\t<\/span>\n\t\t\t\t\t<\/a>\n\t\t<\/div>\n\t\t\t\t<\/div>\n\t\t\t\t<\/div>\n\t\t\t\t\t<\/div>\n\t\t<\/div>\n\t\t\t\t\t\t\t<\/div>\n\t\t<\/section>\n\t\t\t\t\t\t<\/div>\n\t\t\t\t\t<\/div>\n\t\t","protected":false},"excerpt":{"rendered":"<p>STATISTIKA UN VAKANCES SIA \u201cRespekts\u201d Mobilo Nor\u012bkojumi Darba Rezult\u0101ti Laika Posm\u0101 01.01.17.-31.12.17. Par z\u0101dz\u012bbas m\u0113\u0123in\u0101jumu, uz aizdoma pamata aiztur\u0113tas un nodotas policijai 35 personas. Par hulig\u0101nismu un nepiedien\u012bgu uzved\u012bbu aiztur\u0113tas un nodotas policijai 81 personas. Konflikti atrisin\u0101ti uz vietas neiesaistot policijas de\u017e\u016brnor\u012bkojumus \u2013 267 gad\u012bjumi. Nov\u0113rsta nelikum\u012bga iek\u013c\u016b\u0161ana apsarg\u0101jamos objektos 21 gad\u012bjumos. Nov\u0113rstas 2 tehniskas &hellip;<\/p>\n<p class=\"read-more\"> <a class=\"\" href=\"http:\/\/beta.respekts.lv\/?page_id=162\"> <span class=\"screen-reader-text\">Projects<\/span> Read More &raquo;<\/a><\/p>\n","protected":false},"author":1,"featured_media":0,"parent":0,"menu_order":0,"comment_status":"closed","ping_status":"closed","template":"","meta":{"site-sidebar-layout":"no-sidebar","site-content-layout":"page-builder","ast-main-header-display":"","ast-hfb-above-header-display":"","ast-hfb-below-header-display":"","ast-hfb-mobile-header-display":"","site-post-title":"disabled","ast-breadcrumbs-content":"","ast-featured-img":"disabled","footer-sml-layout":"","theme-transparent-header-meta":"enabled","adv-header-id-meta":"","stick-header-meta":"","header-above-stick-meta":"","header-main-stick-meta":"","header-below-stick-meta":""},"_links":{"self":[{"href":"http:\/\/beta.respekts.lv\/index.php?rest_route=\/wp\/v2\/pages\/162"}],"collection":[{"href":"http:\/\/beta.respekts.lv\/index.php?rest_route=\/wp\/v2\/pages"}],"about":[{"href":"http:\/\/beta.respekts.lv\/index.php?rest_route=\/wp\/v2\/types\/page"}],"author":[{"embeddable":true,"href":"http:\/\/beta.respekts.lv\/index.php?rest_route=\/wp\/v2\/users\/1"}],"replies":[{"embeddable":true,"href":"http:\/\/beta.respekts.lv\/index.php?rest_route=%2Fwp%2Fv2%2Fcomments&post=162"}],"version-history":[{"count":21,"href":"http:\/\/beta.respekts.lv\/index.php?rest_route=\/wp\/v2\/pages\/162\/revisions"}],"predecessor-version":[{"id":622,"href":"http:\/\/beta.respekts.lv\/index.php?rest_route=\/wp\/v2\/pages\/162\/revisions\/622"}],"wp:attachment":[{"href":"http:\/\/beta.respekts.lv\/index.php?rest_route=%2Fwp%2Fv2%2Fmedia&parent=162"}],"curies":[{"name":"wp","href":"https:\/\/api.w.org\/{rel}","templated":true}]}}